{"id":626,"date":"2022-10-20T15:15:45","date_gmt":"2022-10-20T13:15:45","guid":{"rendered":"http:\/\/hcorpus.com\/?page_id=626"},"modified":"2024-04-09T11:36:15","modified_gmt":"2024-04-09T09:36:15","slug":"unsere-leistungen","status":"publish","type":"page","link":"https:\/\/hcorpus.com\/index.php\/de\/unsere-leistungen\/","title":{"rendered":"Unsere Leistungen"},"content":{"rendered":"\n<div class=\"wp-block-buttons is-nowrap is-layout-flex wp-container-core-buttons-is-layout-1 wp-block-buttons-is-layout-flex\">\n<div class=\"wp-block-button has-custom-font-size\" style=\"font-size:15px\"><a class=\"wp-block-button__link has-background\" href=\"#Unsere-Leistungen\" style=\"background-color:#193950\">Unsere Leistungen<\/a><\/div>\n\n\n\n<div class=\"wp-block-button has-custom-width wp-block-button__width-25 has-custom-font-size is-style-fill\" style=\"font-size:15px\"><a class=\"wp-block-button__link has-background\" href=\"#strategie\" style=\"border-radius:0px;background-color:#193950\">Strategie<\/a><\/div>\n\n\n\n<div class=\"wp-block-button has-custom-font-size\" style=\"font-size:15px\"><a class=\"wp-block-button__link has-background\" href=\"#Internationale-Entwicklung\" style=\"background-color:#193950\">internationale Entwicklung<\/a><\/div>\n\n\n\n<div class=\"wp-block-button has-custom-font-size\" style=\"font-size:15px\"><a class=\"wp-block-button__link has-background\" href=\"#Begleiten-des-Vorstandes\" style=\"background-color:#193950\">Begleiten des Vorstandes<\/a><\/div>\n<\/div>\n\n\n\n<h2 class=\"has-primary-color has-text-color wp-block-heading\" id=\"Unsere-Leistungen\">Unsere Leistungen<\/h2>\n\n\n\n<p>Diagnose, Einrichtung Optimierung und Moderation von Boards*.<\/p>\n\n\n\n<p><br>Die Kanzlei verwendet die BMMI-Methode, eine Methodik zur Diagnose, Erstellung und Optimierung von Boards, die auf einem f\u00fcnfstufigen Reifegradmodell basiert.<\/p>\n\n\n\n<p><br>*Verwaltungsrat, Aufsichtsrat, Vorstand, Advisory Board, Strategieausschuss, CSR\/ESG-<br>Ausschuss, Wissenschaftlicher Ausschuss, Beratender Ausschuss, Missionsausschuss,<br>Stakeholderausschuss, Lenkungsausschuss, Exekutivausschuss, Vorstand\u2026<\/p>\n\n\n\n<h2 class=\"has-primary-color has-text-color wp-block-heading\" id=\"strategie\">Strategie<\/h2>\n\n\n\n<p>Definierung der Firmenstrategie (Vision, Aufgaben, Werte, Ambitionen), Aufbau einer Markenplattform, Namensrecherche, Suche nach Finanzierungsm\u00f6glichkeiten, Seminare zur Unternehmensstrategie, Leiten von F\u00fchrungskomitees\u2026<\/p>\n\n\n\n<h2 class=\"has-primary-color has-text-color wp-block-heading\" id=\"Internationale-Entwicklung\">Internationale Entwicklung<\/h2>\n\n\n\n<p>Erschlie\u00dfung neuer M\u00e4rkte, geographische Expansion, Internationalisierung, Gesch\u00e4ftsstrategie, Diagnose der Vertriebsorganisation, Benchmarking.<\/p>\n\n\n\n<h2 class=\"has-primary-color has-text-color wp-block-heading\" id=\"Begleiten-des-Vorstandes\">Begleiten des Vorstandes<\/h2>\n\n\n\n<p>Dienstantritt, Onboarding, Nachfolgeplan, Assessment, Mentoring.<\/p>\n\n\n\n<div class=\"wp-block-group is-layout-flow wp-block-group-is-layout-flow\">\n<p class=\"has-text-align-center has-background-color has-text-color has-background\" style=\"background-color:#193950\">Sie m\u00f6chten mehr \u00fcber unsere Angebote erfahren:<\/p>\n<\/div>\n\n\n\n<div class=\"wp-block-buttons is-content-justification-center is-layout-flex wp-container-core-buttons-is-layout-2 wp-block-buttons-is-layout-flex\">\n<div class=\"wp-block-button is-style-fill\"><a class=\"wp-block-button__link has-text-color has-background\" href=\"https:\/\/calendly.com\/habeascorpus\/rendez-vous-avec-marc-brunstein-habeas-corpus-1h?month=2022-10\" style=\"border-radius:10px;background-color:#ffcc00;color:#193950\" target=\"_blank\" rel=\"https:\/\/calendly.com\/ecoceatechnologies\/rendez-vous-avec-habeas-corpus-45?month=2022-07 noopener noreferrer\">VEREINBAREN WIR EINEN TERMIN<\/a><\/div>\n<\/div>\n","protected":false},"excerpt":{"rendered":"<p>Unsere Leistungen Diagnose, Einrichtung Optimierung und Moderation von Boards*. Die Kanzlei verwendet die BMMI-Methode, eine Methodik zur Diagnose, Erstellung und Optimierung von Boards, die auf einem f\u00fcnfstufigen Reifegradmodell basiert. *Verwaltungsrat, Aufsichtsrat, Vorstand, Advisory Board, Strategieausschuss, CSR\/ESG-Ausschuss, Wissenschaftlicher Ausschuss, Beratender Ausschuss, Missionsausschuss,Stakeholderausschuss, Lenkungsausschuss, Exekutivausschuss, Vorstand\u2026 Strategie Definierung der Firmenstrategie (Vision, Aufgaben, Werte, Ambitionen), Aufbau einer Markenplattform, [&hellip;]<\/p>\n","protected":false},"author":1,"featured_media":0,"parent":0,"menu_order":0,"comment_status":"closed","ping_status":"closed","template":"templates\/template-full-width.php","meta":{"footnotes":""},"_links":{"self":[{"href":"https:\/\/hcorpus.com\/index.php\/wp-json\/wp\/v2\/pages\/626"}],"collection":[{"href":"https:\/\/hcorpus.com\/index.php\/wp-json\/wp\/v2\/pages"}],"about":[{"href":"https:\/\/hcorpus.com\/index.php\/wp-json\/wp\/v2\/types\/page"}],"author":[{"embeddable":true,"href":"https:\/\/hcorpus.com\/index.php\/wp-json\/wp\/v2\/users\/1"}],"replies":[{"embeddable":true,"href":"https:\/\/hcorpus.com\/index.php\/wp-json\/wp\/v2\/comments?post=626"}],"version-history":[{"count":11,"href":"https:\/\/hcorpus.com\/index.php\/wp-json\/wp\/v2\/pages\/626\/revisions"}],"predecessor-version":[{"id":1108,"href":"https:\/\/hcorpus.com\/index.php\/wp-json\/wp\/v2\/pages\/626\/revisions\/1108"}],"wp:attachment":[{"href":"https:\/\/hcorpus.com\/index.php\/wp-json\/wp\/v2\/media?parent=626"}],"curies":[{"name":"wp","href":"https:\/\/api.w.org\/{rel}","templated":true}]}}