{"id":618,"date":"2022-10-20T15:14:58","date_gmt":"2022-10-20T13:14:58","guid":{"rendered":"http:\/\/hcorpus.com\/?page_id=618"},"modified":"2024-11-11T18:38:38","modified_gmt":"2024-11-11T17:38:38","slug":"kontakt","status":"publish","type":"page","link":"https:\/\/hcorpus.com\/index.php\/de\/kontakt\/","title":{"rendered":"Kontakt"},"content":{"rendered":"\n<h2 class=\"wp-block-heading has-text-align-center has-text-color\" style=\"color:#193950\">Haben Sie noch Fragen?<\/h2>\n\n\n\n<p class=\"has-text-align-center\">Wir sind f\u00fcr Sie da.<\/p>\n\n\n\n<div class=\"wp-block-columns alignwide is-layout-flex wp-container-core-columns-is-layout-1 wp-block-columns-is-layout-flex\">\n<div class=\"wp-block-column is-layout-flow wp-block-column-is-layout-flow\">\n<div class=\"wp-block-buttons is-content-justification-center is-layout-flex wp-container-core-buttons-is-layout-1 wp-block-buttons-is-layout-flex\">\n<div class=\"wp-block-button has-custom-width wp-block-button__width-100\"><a class=\"wp-block-button__link has-text-color has-background wp-element-button\" href=\"mailto:contact@hcorpus.com\" style=\"border-radius:10px;color:#ffcc00;background-color:#193950\" target=\"_blank\" rel=\"noreferrer noopener\">Schreiben Sie uns<\/a><\/div>\n<\/div>\n<\/div>\n\n\n\n<div class=\"wp-block-column is-layout-flow wp-block-column-is-layout-flow\">\n<div class=\"wp-block-buttons is-content-justification-center is-layout-flex wp-container-core-buttons-is-layout-2 wp-block-buttons-is-layout-flex\">\n<div class=\"wp-block-button has-custom-width wp-block-button__width-100\"><a class=\"wp-block-button__link has-text-color has-background wp-element-button\" href=\"https:\/\/calendly.com\/habeascorpus\/rendez-vous-avec-marc-brunstein-habeas-corpus-1h?month=2022-10\" style=\"border-radius:10px;color:#ffcc00;background-color:#193950\" target=\"_blank\" rel=\"noreferrer noopener\">Vereinbaren Sie einen Termin<\/a><\/div>\n<\/div>\n<\/div>\n<\/div>\n\n\n\n<div class=\"wp-block-columns alignwide are-vertically-aligned-center is-layout-flex wp-container-core-columns-is-layout-2 wp-block-columns-is-layout-flex\">\n<div class=\"wp-block-column is-vertically-aligned-center is-layout-flow wp-block-column-is-layout-flow\" style=\"flex-basis:50%\">\t\t<div\n            id=\"wpmapblock_d3d58b4c\"\n            data-settings='{&quot;map_marker&quot;:[{&quot;lat&quot;:&quot;48.8621313&quot;,&quot;lng&quot;:&quot;2.3424117&quot;,&quot;title&quot;:&quot;Habeas Corpus&quot;,&quot;content&quot;:&quot;&quot;,&quot;iconType&quot;:&quot;custom&quot;,&quot;customIconUrl&quot;:&quot;http:\\\/\\\/hcorpus.com\\\/wp-content\\\/uploads\\\/2022\\\/06\\\/Logo-Habeas-corpus-RVB-1.jpg&quot;,&quot;customIconWidth&quot;:&quot;30&quot;,&quot;customIconHeight&quot;:&quot;30&quot;}],&quot;map_zoom&quot;:&quot;12&quot;,&quot;scroll_wheel_zoom&quot;:false,&quot;map_type&quot;:&quot;GM&quot;,&quot;center_index&quot;:0}'\n            class=\"wpmapblockrender\"\n            style=\"\n\t\t\twidth: 100%;\n\t\t\theight: 250px;\n\t\t\"\n            >\n        <\/div>\n        <\/div>\n\n\n\n<div class=\"wp-block-column is-vertically-aligned-center is-layout-flow wp-block-column-is-layout-flow\" style=\"flex-basis:22.22%\">\n<h5 class=\"wp-block-heading has-text-color\" style=\"color:#ffcc00\">Standort Paris<\/h5>\n\n\n\n<p class=\"has-text-color\" style=\"color:#193950\">47 rue Berger<\/p>\n\n\n\n<p class=\"has-text-color\" style=\"color:#193950\">75001 Paris, France<\/p>\n\n\n\n<p class=\"has-text-color\" style=\"color:#193950\">+33 1 89 16 73 22<\/p>\n\n\n\n<p><\/p>\n<\/div>\n<\/div>\n\n\n\n<div class=\"wp-block-columns alignwide are-vertically-aligned-center is-layout-flex wp-container-core-columns-is-layout-3 wp-block-columns-is-layout-flex\">\n<div class=\"wp-block-column is-vertically-aligned-center is-layout-flow wp-block-column-is-layout-flow\" style=\"flex-basis:50%\">\t\t<div\n            id=\"wpmapblock_8849647c\"\n            data-settings='{&quot;map_marker&quot;:[{&quot;lat&quot;:&quot;50.9372705&quot;,&quot;lng&quot;:&quot;6.9476787&quot;,&quot;title&quot;:&quot;Habeas Corpus&quot;,&quot;content&quot;:&quot;&quot;,&quot;iconType&quot;:&quot;custom&quot;,&quot;customIconUrl&quot;:&quot;http:\\\/\\\/hcorpus.com\\\/wp-content\\\/uploads\\\/2022\\\/06\\\/Logo-Habeas-corpus-RVB-1.jpg&quot;,&quot;customIconWidth&quot;:&quot;30&quot;,&quot;customIconHeight&quot;:&quot;30&quot;}],&quot;map_zoom&quot;:&quot;12&quot;,&quot;scroll_wheel_zoom&quot;:false,&quot;map_type&quot;:&quot;GM&quot;,&quot;center_index&quot;:0}'\n            class=\"wpmapblockrender\"\n            style=\"\n\t\t\twidth: 100%;\n\t\t\theight: 250px;\n\t\t\"\n            >\n        <\/div>\n        <\/div>\n\n\n\n<div class=\"wp-block-column is-vertically-aligned-center is-layout-flow wp-block-column-is-layout-flow\" style=\"flex-basis:40%\">\n<h5 class=\"wp-block-heading has-text-color\" style=\"color:#ffcc00\">Standort K\u00f6ln<\/h5>\n\n\n\n<p class=\"has-text-color\" style=\"color:#193950\">Neumarkt Galerie, Richmodstra\u00dfe 6<\/p>\n\n\n\n<p class=\"has-text-color\" style=\"color:#193950\">50667 K\u00f6ln, Deutschland<\/p>\n\n\n\n<p class=\"has-text-color\" style=\"color:#193950\">+49 221 16 86 66 82<\/p>\n<\/div>\n<\/div>\n\n\n\n<div class=\"wp-block-columns alignwide is-layout-flex wp-container-core-columns-is-layout-4 wp-block-columns-is-layout-flex\">\n<div class=\"wp-block-column is-vertically-aligned-center is-layout-flow wp-block-column-is-layout-flow\" style=\"flex-basis:50%\">\t\t<div\n            id=\"wpmapblock_3ebfac31\"\n            data-settings='{&quot;map_marker&quot;:[{&quot;id&quot;:&quot;0&quot;,&quot;lat&quot;:&quot;51.516753&quot;,&quot;lng&quot;:&quot;-0.179203&quot;,&quot;title&quot;:&quot;&quot;,&quot;content&quot;:&quot;&quot;,&quot;iconType&quot;:&quot;custom&quot;,&quot;customIconUrl&quot;:&quot;http:\\\/\\\/hcorpus.com\\\/wp-content\\\/uploads\\\/2024\\\/06\\\/Logo-Habeas-corpus-Consulting-CMJN-1.jpg&quot;,&quot;customIconWidth&quot;:&quot;30&quot;,&quot;customIconHeight&quot;:&quot;30&quot;}],&quot;map_zoom&quot;:&quot;12&quot;,&quot;scroll_wheel_zoom&quot;:false,&quot;map_type&quot;:&quot;GM&quot;,&quot;center_index&quot;:0}'\n            class=\"wpmapblockrender\"\n            style=\"\n\t\t\twidth: 100%;\n\t\t\theight: 250px;\n\t\t\"\n            >\n        <\/div>\n        <\/div>\n\n\n\n<div class=\"wp-block-column is-vertically-aligned-center is-layout-flow wp-block-column-is-layout-flow\" style=\"flex-basis:50%\">\n<h5 class=\"wp-block-heading has-text-color\" style=\"color:#ffcc00\">Standort London<\/h5>\n\n\n\n<p class=\"has-text-color\" style=\"color:#193950\">2 Eastbourne Terrace<\/p>\n\n\n\n<p>London W2 6LG, UK<\/p>\n\n\n\n<p class=\"has-text-color\" style=\"color:#193950\">+44 772 564 3503<\/p>\n<\/div>\n<\/div>\n\n\n\n<div class=\"wp-block-columns alignwide is-layout-flex wp-container-core-columns-is-layout-5 wp-block-columns-is-layout-flex\">\n<div class=\"wp-block-column is-vertically-aligned-center is-layout-flow wp-block-column-is-layout-flow\" style=\"flex-basis:50%\">\t\t<div\n            id=\"wpmapblock_fb32017f\"\n            data-settings='{&quot;map_marker&quot;:[{&quot;lat&quot;:&quot;45.4653631&quot;,&quot;lng&quot;:&quot;9.1939578&quot;,&quot;title&quot;:&quot;Habeas Corpus&quot;,&quot;content&quot;:&quot;&quot;,&quot;iconType&quot;:&quot;custom&quot;,&quot;customIconUrl&quot;:&quot;http:\\\/\\\/hcorpus.com\\\/wp-content\\\/uploads\\\/2022\\\/06\\\/Logo-Habeas-corpus-RVB-1.jpg&quot;,&quot;customIconWidth&quot;:&quot;30&quot;,&quot;customIconHeight&quot;:&quot;30&quot;}],&quot;map_zoom&quot;:&quot;12&quot;,&quot;scroll_wheel_zoom&quot;:false,&quot;map_type&quot;:&quot;GM&quot;,&quot;center_index&quot;:0}'\n            class=\"wpmapblockrender\"\n            style=\"\n\t\t\twidth: 100%;\n\t\t\theight: 250px;\n\t\t\"\n            >\n        <\/div>\n        <\/div>\n\n\n\n<div class=\"wp-block-column is-vertically-aligned-center is-layout-flow wp-block-column-is-layout-flow\" style=\"flex-basis:50%\">\n<h5 class=\"wp-block-heading has-text-color\" style=\"color:#ffcc00\">Standort Milan<\/h5>\n\n\n\n<p>Largo Francesco Richini, 6,<\/p>\n\n\n\n<p>20122 Milano MI<\/p>\n<\/div>\n<\/div>\n","protected":false},"excerpt":{"rendered":"<p>Haben Sie noch Fragen? Wir sind f\u00fcr Sie da. Standort Paris 47 rue Berger 75001 Paris, France +33 1 89 16 73 22 Standort K\u00f6ln Neumarkt Galerie, Richmodstra\u00dfe 6 50667 K\u00f6ln, Deutschland +49 221 16 86 66 82 Standort London 2 Eastbourne Terrace London W2 6LG, UK +44 772 564 3503 Standort Milan Largo Francesco [&hellip;]<\/p>\n","protected":false},"author":1,"featured_media":0,"parent":0,"menu_order":0,"comment_status":"closed","ping_status":"closed","template":"","meta":{"footnotes":""},"_links":{"self":[{"href":"https:\/\/hcorpus.com\/index.php\/wp-json\/wp\/v2\/pages\/618"}],"collection":[{"href":"https:\/\/hcorpus.com\/index.php\/wp-json\/wp\/v2\/pages"}],"about":[{"href":"https:\/\/hcorpus.com\/index.php\/wp-json\/wp\/v2\/types\/page"}],"author":[{"embeddable":true,"href":"https:\/\/hcorpus.com\/index.php\/wp-json\/wp\/v2\/users\/1"}],"replies":[{"embeddable":true,"href":"https:\/\/hcorpus.com\/index.php\/wp-json\/wp\/v2\/comments?post=618"}],"version-history":[{"count":14,"href":"https:\/\/hcorpus.com\/index.php\/wp-json\/wp\/v2\/pages\/618\/revisions"}],"predecessor-version":[{"id":1204,"href":"https:\/\/hcorpus.com\/index.php\/wp-json\/wp\/v2\/pages\/618\/revisions\/1204"}],"wp:attachment":[{"href":"https:\/\/hcorpus.com\/index.php\/wp-json\/wp\/v2\/media?parent=618"}],"curies":[{"name":"wp","href":"https:\/\/api.w.org\/{rel}","templated":true}]}}