{"id":569,"date":"2022-09-05T11:25:19","date_gmt":"2022-09-05T09:25:19","guid":{"rendered":"http:\/\/hcorpus.com\/?page_id=569"},"modified":"2024-05-28T11:09:37","modified_gmt":"2024-05-28T09:09:37","slug":"uber-uns","status":"publish","type":"page","link":"https:\/\/hcorpus.com\/index.php\/de\/uber-uns\/","title":{"rendered":"\u00dcber uns"},"content":{"rendered":"\n<p>Habeas Corpus Consulting ist eine 1998 gegr\u00fcndete europ\u00e4ische Beratungsfirma mit Niederlassungen in Frankreich, Deutschland, Gro\u00dfbritannien und Italien. Wir betreuen F\u00fchrungskr\u00e4fte seit 1998 in allen Fragen der Unternehmensf\u00fchrung und der Wachstumssteigerung.<\/p>\n\n\n\n<h2 class=\"has-text-align-center has-primary-color has-text-color wp-block-heading\">Unser Kernteam<\/h2>\n\n\n\n<div class=\"wp-block-columns is-layout-flex wp-container-core-columns-is-layout-1 wp-block-columns-is-layout-flex\">\n<div class=\"wp-block-column is-layout-flow wp-block-column-is-layout-flow\">\n<figure class=\"wp-block-image aligncenter size-medium is-resized\"><a href=\"https:\/\/www.linkedin.com\/in\/marcbrunstein\/\"><img loading=\"lazy\" decoding=\"async\" src=\"http:\/\/hcorpus.com\/wp-content\/uploads\/2022\/08\/Habeas-corpus-RVB-MB-300x300.jpg\" alt=\"\" class=\"wp-image-528\" width=\"158\" height=\"150\"\/><\/a><\/figure>\n\n\n\n<h5 class=\"alignfull has-text-align-center has-small-font-size wp-block-heading\">Marc Brunstein<\/h5>\n\n\n\n<p class=\"has-text-align-center has-small-font-size\">Vorsitzender<br>(Paris)<\/p>\n<\/div>\n\n\n\n<div class=\"wp-block-column is-layout-flow wp-block-column-is-layout-flow\">\n<figure class=\"wp-block-image aligncenter size-thumbnail is-resized\"><a href=\"https:\/\/www.linkedin.com\/in\/alexandre-buselli\/\"><img loading=\"lazy\" decoding=\"async\" src=\"https:\/\/hcorpus.com\/wp-content\/uploads\/2023\/11\/Alexandre-Buselli-2-150x150.png\" alt=\"\" class=\"wp-image-870\" width=\"150\" height=\"150\" srcset=\"https:\/\/hcorpus.com\/wp-content\/uploads\/2023\/11\/Alexandre-Buselli-2-150x150.png 150w, https:\/\/hcorpus.com\/wp-content\/uploads\/2023\/11\/Alexandre-Buselli-2.png 236w\" sizes=\"(max-width: 150px) 100vw, 150px\" \/><\/a><\/figure>\n\n\n\n<h5 class=\"alignfull has-text-align-center has-small-font-size wp-block-heading\">Alexandre Buselli<\/h5>\n\n\n\n<p class=\"has-text-align-center has-small-font-size\">Partner<br>(Paris)<\/p>\n<\/div>\n\n\n\n<div class=\"wp-block-column is-layout-flow wp-block-column-is-layout-flow\">\n<figure class=\"wp-block-image aligncenter size-thumbnail is-resized\"><a href=\"https:\/\/www.linkedin.com\/in\/jeromeravet92300\/\"><img decoding=\"async\" src=\"https:\/\/hcorpus.com\/wp-content\/uploads\/2024\/04\/Jerome-Ravet-2-150x150.png\" alt=\"\" class=\"wp-image-1055\" width=\"150\"\/><\/a><\/figure>\n\n\n\n<h5 class=\"alignfull has-text-align-center has-small-font-size wp-block-heading\">J\u00e9r\u00f4me<br>Ravet<\/h5>\n\n\n\n<p class=\"has-text-align-center has-small-font-size\">Principal<br>(Paris)<\/p>\n<\/div>\n\n\n\n<div class=\"wp-block-column is-layout-flow wp-block-column-is-layout-flow\">\n<figure class=\"wp-block-image aligncenter size-thumbnail is-resized\"><a href=\"https:\/\/www.linkedin.com\/in\/albane-mondamert\/\"><img decoding=\"async\" src=\"https:\/\/hcorpus.com\/wp-content\/uploads\/2023\/10\/albane-mondamert-1-150x150.png\" alt=\"\" class=\"wp-image-853\" width=\"151\" srcset=\"https:\/\/hcorpus.com\/wp-content\/uploads\/2023\/10\/albane-mondamert-1-150x150.png 150w, https:\/\/hcorpus.com\/wp-content\/uploads\/2023\/10\/albane-mondamert-1.png 160w\" sizes=\"(max-width: 150px) 100vw, 150px\" \/><\/a><\/figure>\n\n\n\n<h5 class=\"alignfull has-text-align-center has-small-font-size wp-block-heading\">Albane Mondamert<\/h5>\n\n\n\n<p class=\"has-text-align-center has-small-font-size\">Consultant<br>(Paris)<\/p>\n<\/div>\n<\/div>\n\n\n\n<h2 class=\"has-text-align-center has-primary-color has-text-color wp-block-heading\">Unser \u00d6kosyste<\/h2>\n\n\n\n<figure class=\"wp-block-image aligncenter size-full\"><img loading=\"lazy\" decoding=\"async\" width=\"870\" height=\"624\" src=\"https:\/\/hcorpus.com\/wp-content\/uploads\/2024\/05\/extended-team-1.png\" alt=\"\" class=\"wp-image-1160\" srcset=\"https:\/\/hcorpus.com\/wp-content\/uploads\/2024\/05\/extended-team-1.png 870w, https:\/\/hcorpus.com\/wp-content\/uploads\/2024\/05\/extended-team-1-300x215.png 300w, https:\/\/hcorpus.com\/wp-content\/uploads\/2024\/05\/extended-team-1-768x551.png 768w\" sizes=\"(max-width: 870px) 100vw, 870px\" \/><\/figure>\n\n\n\n<div class=\"wp-block-buttons alignwide is-content-justification-center is-layout-flex wp-container-core-buttons-is-layout-1 wp-block-buttons-is-layout-flex\">\n<div class=\"wp-block-button is-style-fill\"><a class=\"wp-block-button__link has-text-color has-background\" href=\"mailto:contact@hcorpus.com\" style=\"border-radius:10px;background-color:#193950;color:#ffcc00\" target=\"_blank\" rel=\"noreferrer noopener\">KONTAKTIEREN SIE UNS<\/a><\/div>\n<\/div>\n","protected":false},"excerpt":{"rendered":"<p>Habeas Corpus Consulting ist eine 1998 gegr\u00fcndete europ\u00e4ische Beratungsfirma mit Niederlassungen in Frankreich, Deutschland, Gro\u00dfbritannien und Italien. Wir betreuen F\u00fchrungskr\u00e4fte seit 1998 in allen Fragen der Unternehmensf\u00fchrung und der Wachstumssteigerung. Unser Kernteam Marc Brunstein Vorsitzender(Paris) Alexandre Buselli Partner(Paris) J\u00e9r\u00f4meRavet Principal(Paris) Albane Mondamert Consultant(Paris) Unser \u00d6kosyste<\/p>\n","protected":false},"author":1,"featured_media":0,"parent":0,"menu_order":0,"comment_status":"closed","ping_status":"closed","template":"templates\/template-full-width.php","meta":{"footnotes":""},"_links":{"self":[{"href":"https:\/\/hcorpus.com\/index.php\/wp-json\/wp\/v2\/pages\/569"}],"collection":[{"href":"https:\/\/hcorpus.com\/index.php\/wp-json\/wp\/v2\/pages"}],"about":[{"href":"https:\/\/hcorpus.com\/index.php\/wp-json\/wp\/v2\/types\/page"}],"author":[{"embeddable":true,"href":"https:\/\/hcorpus.com\/index.php\/wp-json\/wp\/v2\/users\/1"}],"replies":[{"embeddable":true,"href":"https:\/\/hcorpus.com\/index.php\/wp-json\/wp\/v2\/comments?post=569"}],"version-history":[{"count":29,"href":"https:\/\/hcorpus.com\/index.php\/wp-json\/wp\/v2\/pages\/569\/revisions"}],"predecessor-version":[{"id":1171,"href":"https:\/\/hcorpus.com\/index.php\/wp-json\/wp\/v2\/pages\/569\/revisions\/1171"}],"wp:attachment":[{"href":"https:\/\/hcorpus.com\/index.php\/wp-json\/wp\/v2\/media?parent=569"}],"curies":[{"name":"wp","href":"https:\/\/api.w.org\/{rel}","templated":true}]}}