{"id":292,"date":"2022-07-21T15:43:06","date_gmt":"2022-07-21T13:43:06","guid":{"rendered":"http:\/\/hcorpus.com\/?page_id=292"},"modified":"2022-07-22T10:54:56","modified_gmt":"2022-07-22T08:54:56","slug":"mentions-legales","status":"publish","type":"page","link":"https:\/\/hcorpus.com\/index.php\/mentions-legales\/","title":{"rendered":"Mentions l\u00e9gales"},"content":{"rendered":"\n<h1 class=\"has-text-align-center has-larger-font-size wp-block-heading\">Mentions l\u00e9gales<\/h1>\n\n\n\n<p><strong>Habeas Corpus<\/strong><\/p>\n\n\n\n<p>SAS au capital social de 2 000\u20ac<\/p>\n\n\n\n<p>N\u00b0 TVA : FR17898734231<\/p>\n\n\n\n<p>RCS : Paris B 898 734 231<\/p>\n\n\n\n<p>Si\u00e8ge social : 14 rue Auber &#8211; 75009 Paris<\/p>\n\n\n\n<p>Contact : contact@hcorpus.com &#8211; +33 1 89 16 73 22<\/p>\n\n\n\n<p>Pr\u00e9sident : Marc Brunstein<\/p>\n\n\n\n<p><\/p>\n\n\n\n<p>Le site internet hcorpus.com est h\u00e9berg\u00e9 par OVH :<\/p>\n\n\n\n<p>SAS au capital de 10 174 560 \u20ac<\/p>\n\n\n\n<p>RCS Lille M\u00e9tropole 424 761 419 00045<br>N\u00b0 TVA : FR 22 424 761 419<br>Si\u00e8ge social : 2 rue Kellermann &#8211; 59100 Roubaix &#8211; France<\/p>\n\n\n\n<p>OVH SAS est une filiale de la soci\u00e9t\u00e9 OVH Groupe SA, soci\u00e9t\u00e9 immatricul\u00e9e au RCS de Lille sous le num\u00e9ro 537 407 926 sise 2, rue Kellermann, 59100 Roubaix.<\/p>\n","protected":false},"excerpt":{"rendered":"<p>Mentions l\u00e9gales Habeas Corpus SAS au capital social de 2 000\u20ac N\u00b0 TVA : FR17898734231 RCS : Paris B 898 734 231 Si\u00e8ge social : 14 rue Auber &#8211; 75009 Paris Contact : contact@hcorpus.com &#8211; +33 1 89 16 73 22 Pr\u00e9sident : Marc Brunstein Le site internet hcorpus.com est h\u00e9berg\u00e9 par OVH : SAS [&hellip;]<\/p>\n","protected":false},"author":1,"featured_media":0,"parent":0,"menu_order":0,"comment_status":"closed","ping_status":"closed","template":"","meta":{"footnotes":""},"_links":{"self":[{"href":"https:\/\/hcorpus.com\/index.php\/wp-json\/wp\/v2\/pages\/292"}],"collection":[{"href":"https:\/\/hcorpus.com\/index.php\/wp-json\/wp\/v2\/pages"}],"about":[{"href":"https:\/\/hcorpus.com\/index.php\/wp-json\/wp\/v2\/types\/page"}],"author":[{"embeddable":true,"href":"https:\/\/hcorpus.com\/index.php\/wp-json\/wp\/v2\/users\/1"}],"replies":[{"embeddable":true,"href":"https:\/\/hcorpus.com\/index.php\/wp-json\/wp\/v2\/comments?post=292"}],"version-history":[{"count":3,"href":"https:\/\/hcorpus.com\/index.php\/wp-json\/wp\/v2\/pages\/292\/revisions"}],"predecessor-version":[{"id":401,"href":"https:\/\/hcorpus.com\/index.php\/wp-json\/wp\/v2\/pages\/292\/revisions\/401"}],"wp:attachment":[{"href":"https:\/\/hcorpus.com\/index.php\/wp-json\/wp\/v2\/media?parent=292"}],"curies":[{"name":"wp","href":"https:\/\/api.w.org\/{rel}","templated":true}]}}