{"id":17,"date":"2022-06-21T15:01:46","date_gmt":"2022-06-21T13:01:46","guid":{"rendered":"http:\/\/hcorpus.com\/?page_id=17"},"modified":"2024-11-13T13:02:42","modified_gmt":"2024-11-13T12:02:42","slug":"a-propos","status":"publish","type":"page","link":"https:\/\/hcorpus.com\/","title":{"rendered":"A propos"},"content":{"rendered":"\n<p>Habeas Corpus Consulting est un cabinet de conseil europ\u00e9en cr\u00e9\u00e9 en 1998 pr\u00e9sent en France, Allemagne, Grande Bretagne et Italie. Aux c\u00f4t\u00e9s des dirigeants et des investisseurs, notre mission est de contribuer durablement \u00e0 la performance de nos clients dans leur gouvernance, leur strat\u00e9gie et leur d\u00e9veloppement \u00e0 l&rsquo;international.<\/p>\n\n\n\n<h2 class=\"wp-block-heading has-text-align-center has-primary-color has-text-color\">Notre core team<\/h2>\n\n\n\n<div class=\"wp-block-columns is-layout-flex wp-container-core-columns-is-layout-1 wp-block-columns-is-layout-flex\">\n<div class=\"wp-block-column is-layout-flow wp-block-column-is-layout-flow\">\n<figure class=\"wp-block-image aligncenter size-thumbnail\"><a href=\"https:\/\/www.linkedin.com\/in\/marcbrunstein\/\"><img loading=\"lazy\" decoding=\"async\" width=\"150\" height=\"150\" src=\"http:\/\/hcorpus.com\/wp-content\/uploads\/2023\/10\/marc-brunstein-150x150.jpg\" alt=\"\" class=\"wp-image-824\" srcset=\"https:\/\/hcorpus.com\/wp-content\/uploads\/2023\/10\/marc-brunstein-150x150.jpg 150w, https:\/\/hcorpus.com\/wp-content\/uploads\/2023\/10\/marc-brunstein.jpg 189w\" sizes=\"(max-width: 150px) 100vw, 150px\" \/><\/a><\/figure>\n\n\n\n<h5 class=\"wp-block-heading alignfull has-text-align-center has-small-font-size\">Marc<br>Brunstein<\/h5>\n\n\n\n<p class=\"has-text-align-center has-small-font-size\">Associ\u00e9 Fondateur<br>(Paris)<\/p>\n<\/div>\n\n\n\n<div class=\"wp-block-column is-layout-flow wp-block-column-is-layout-flow\">\n<figure class=\"wp-block-image aligncenter size-thumbnail\"><a href=\"https:\/\/www.linkedin.com\/in\/alexandre-buselli\/\"><img loading=\"lazy\" decoding=\"async\" width=\"150\" height=\"150\" src=\"https:\/\/hcorpus.com\/wp-content\/uploads\/2023\/11\/Alexandre-Buselli-3-150x150.png\" alt=\"\" class=\"wp-image-873\" srcset=\"https:\/\/hcorpus.com\/wp-content\/uploads\/2023\/11\/Alexandre-Buselli-3-150x150.png 150w, https:\/\/hcorpus.com\/wp-content\/uploads\/2023\/11\/Alexandre-Buselli-3.png 236w\" sizes=\"(max-width: 150px) 100vw, 150px\" \/><\/a><\/figure>\n\n\n\n<h5 class=\"wp-block-heading alignfull has-text-align-center has-small-font-size\">Alexandre<br>Buselli<\/h5>\n\n\n\n<p class=\"has-text-align-center has-small-font-size\">Associ\u00e9<br>(Paris)<\/p>\n<\/div>\n\n\n\n<div class=\"wp-block-column is-layout-flow wp-block-column-is-layout-flow\">\n<figure class=\"wp-block-image aligncenter size-thumbnail\"><a href=\"https:\/\/www.linkedin.com\/in\/jeromeravet92300\/\"><img loading=\"lazy\" decoding=\"async\" width=\"150\" height=\"150\" src=\"https:\/\/hcorpus.com\/wp-content\/uploads\/2024\/04\/Jerome-Ravet-150x150.png\" alt=\"\" class=\"wp-image-1008\"\/><\/a><\/figure>\n\n\n\n<h5 class=\"wp-block-heading alignfull has-text-align-center has-small-font-size\">J\u00e9r\u00f4me<br>Ravet<\/h5>\n\n\n\n<p class=\"has-text-align-center has-small-font-size\">Principal<br>(Paris)<\/p>\n<\/div>\n\n\n\n<div class=\"wp-block-column is-layout-flow wp-block-column-is-layout-flow\">\n<figure class=\"wp-block-image aligncenter size-thumbnail\"><a href=\"https:\/\/www.linkedin.com\/in\/albane-mondamert\/\"><img loading=\"lazy\" decoding=\"async\" width=\"150\" height=\"150\" src=\"http:\/\/hcorpus.com\/wp-content\/uploads\/2023\/09\/albane-4-150x150.png\" alt=\"\" class=\"wp-image-818\" srcset=\"https:\/\/hcorpus.com\/wp-content\/uploads\/2023\/09\/albane-4-150x150.png 150w, https:\/\/hcorpus.com\/wp-content\/uploads\/2023\/09\/albane-4-300x300.png 300w, https:\/\/hcorpus.com\/wp-content\/uploads\/2023\/09\/albane-4.png 504w\" sizes=\"(max-width: 150px) 100vw, 150px\" \/><\/a><\/figure>\n\n\n\n<h5 class=\"wp-block-heading alignfull has-text-align-center has-small-font-size\">Albane<br>Mondamert<\/h5>\n\n\n\n<p class=\"has-text-align-center has-small-font-size\">Consultante<br>(Paris)<\/p>\n<\/div>\n<\/div>\n\n\n\n<h2 class=\"wp-block-heading has-text-align-center has-primary-color has-text-color\">Notre extended team<\/h2>\n\n\n\n<div class=\"wp-block-columns is-layout-flex wp-container-core-columns-is-layout-2 wp-block-columns-is-layout-flex\">\n<div class=\"wp-block-column is-layout-flow wp-block-column-is-layout-flow\">\n<figure class=\"wp-block-image size-large\"><img loading=\"lazy\" decoding=\"async\" width=\"1024\" height=\"716\" src=\"http:\/\/hcorpus.com\/wp-content\/uploads\/2024\/11\/image-1-1024x716.png\" alt=\"\" class=\"wp-image-1210\" srcset=\"https:\/\/hcorpus.com\/wp-content\/uploads\/2024\/11\/image-1-1024x716.png 1024w, https:\/\/hcorpus.com\/wp-content\/uploads\/2024\/11\/image-1-300x210.png 300w, https:\/\/hcorpus.com\/wp-content\/uploads\/2024\/11\/image-1-768x537.png 768w, https:\/\/hcorpus.com\/wp-content\/uploads\/2024\/11\/image-1.png 1058w\" sizes=\"(max-width: 1024px) 100vw, 1024px\" \/><\/figure>\n<\/div>\n<\/div>\n\n\n\n<div class=\"wp-block-buttons alignwide is-content-justification-center is-layout-flex wp-container-core-buttons-is-layout-1 wp-block-buttons-is-layout-flex\">\n<div class=\"wp-block-button is-style-fill\"><a class=\"wp-block-button__link has-text-color has-background wp-element-button\" href=\"mailto:contact@hcorpus.com\" style=\"border-radius:10px;color:#ffcc00;background-color:#193950\" target=\"_blank\" rel=\"noreferrer noopener\">Rejoignez-nous<\/a><\/div>\n<\/div>\n\n\n\n<div style=\"height:100px\" aria-hidden=\"true\" class=\"wp-block-spacer\"><\/div>\n","protected":false},"excerpt":{"rendered":"<p>Habeas Corpus Consulting est un cabinet de conseil europ\u00e9en cr\u00e9\u00e9 en 1998 pr\u00e9sent en France, Allemagne, Grande Bretagne et Italie. Aux c\u00f4t\u00e9s des dirigeants et des investisseurs, notre mission est de contribuer durablement \u00e0 la performance de nos clients dans leur gouvernance, leur strat\u00e9gie et leur d\u00e9veloppement \u00e0 l&rsquo;international. Notre core team MarcBrunstein Associ\u00e9 Fondateur(Paris) [&hellip;]<\/p>\n","protected":false},"author":1,"featured_media":0,"parent":0,"menu_order":0,"comment_status":"closed","ping_status":"closed","template":"templates\/template-full-width.php","meta":{"footnotes":""},"_links":{"self":[{"href":"https:\/\/hcorpus.com\/index.php\/wp-json\/wp\/v2\/pages\/17"}],"collection":[{"href":"https:\/\/hcorpus.com\/index.php\/wp-json\/wp\/v2\/pages"}],"about":[{"href":"https:\/\/hcorpus.com\/index.php\/wp-json\/wp\/v2\/types\/page"}],"author":[{"embeddable":true,"href":"https:\/\/hcorpus.com\/index.php\/wp-json\/wp\/v2\/users\/1"}],"replies":[{"embeddable":true,"href":"https:\/\/hcorpus.com\/index.php\/wp-json\/wp\/v2\/comments?post=17"}],"version-history":[{"count":114,"href":"https:\/\/hcorpus.com\/index.php\/wp-json\/wp\/v2\/pages\/17\/revisions"}],"predecessor-version":[{"id":1211,"href":"https:\/\/hcorpus.com\/index.php\/wp-json\/wp\/v2\/pages\/17\/revisions\/1211"}],"wp:attachment":[{"href":"https:\/\/hcorpus.com\/index.php\/wp-json\/wp\/v2\/media?parent=17"}],"curies":[{"name":"wp","href":"https:\/\/api.w.org\/{rel}","templated":true}]}}