{"id":16,"date":"2022-06-21T15:01:46","date_gmt":"2022-06-21T13:01:46","guid":{"rendered":"http:\/\/hcorpus.com\/?page_id=16"},"modified":"2024-07-10T18:31:11","modified_gmt":"2024-07-10T16:31:11","slug":"notre-offre","status":"publish","type":"page","link":"https:\/\/hcorpus.com\/index.php\/notre-offre\/","title":{"rendered":"Nos domaines d&rsquo;intervention"},"content":{"rendered":"\n<div class=\"wp-block-buttons is-nowrap is-layout-flex wp-container-core-buttons-is-layout-1 wp-block-buttons-is-layout-flex\">\n<div class=\"wp-block-button has-custom-font-size\" style=\"font-size:15px\"><a class=\"wp-block-button__link has-background wp-element-button\" href=\"#Lagouvernance\" style=\"background-color:#193950\">Gouvernance<\/a><\/div>\n\n\n\n<div class=\"wp-block-button has-custom-width wp-block-button__width-25 has-custom-font-size is-style-fill\" style=\"font-size:15px\"><a class=\"wp-block-button__link has-background wp-element-button\" href=\"#Lastrat\u00e9gie\" style=\"border-radius:0px;background-color:#193950\">Strat\u00e9gie<\/a><\/div>\n\n\n\n<div class=\"wp-block-button has-custom-font-size\" style=\"font-size:15px\"><a class=\"wp-block-button__link has-background wp-element-button\" href=\"#Ledeveloppementinternational\" style=\"background-color:#193950\">D\u00e9veloppement \u00c0\u00a0L&rsquo;International<\/a><\/div>\n<\/div>\n\n\n\n<h2 class=\"wp-block-heading has-primary-color has-text-color\" id=\"lagouvernance\">La gouvernance<\/h2>\n\n\n\n<p>Diagnostic, cr\u00e9ation, optimisation et animation de Boards*.<\/p>\n\n\n\n<p>Le cabinet utilise la m\u00e9thodologie BMMI, m\u00e9thodologie de diagnostic, cr\u00e9ation, optimisation de Boards, bas\u00e9e sur un mod\u00e8le de maturit\u00e9 en 5 niveaux.<\/p>\n\n\n\n<p>*<em>Conseil d\u2019Administration, Conseil de Surveillance, Directoire, Advisory Board, Comit\u00e9 de Surveillance, Comit\u00e9 Strat\u00e9gique, Comit\u00e9 RSE\/ESG, Comit\u00e9 Scientifique, Comit\u00e9 Consultatif, Comit\u00e9 de mission, Comit\u00e9 des parties prenantes, Comit\u00e9 directeur, Comit\u00e9 de Direction, Comit\u00e9 Ex\u00e9cutif<\/em>.<\/p>\n\n\n\n<h2 class=\"wp-block-heading has-primary-color has-text-color\" id=\"Lastrat\u00e9gie\">La strat\u00e9gie<\/h2>\n\n\n\n<p>D\u00e9finition d&rsquo;une plateforme strat\u00e9gique (vision, missions, valeurs, ambitions), constitution d\u2019une plateforme de marque, recherche de nom, recherche de financement, s\u00e9minaires strat\u00e9giques.<\/p>\n\n\n\n<h2 class=\"wp-block-heading has-primary-color has-text-color\" id=\"Ledeveloppementinternational\">Le d\u00e9veloppement \u00e0 l&rsquo;international<\/h2>\n\n\n\n<p>Conseil et accompagnement en conqu\u00eate de nouveaux march\u00e9s, expansion g\u00e9ographique, internationalisation, strat\u00e9gie commerciale, diagnostic de l\u2019organisation commerciale, benchmark concurrentiel.<\/p>\n\n\n\n<h2 class=\"wp-block-heading has-primary-color has-text-color\" id=\"l'accompagnement\"><\/h2>\n\n\n\n<p>Nous accompagnons \u00e9galement la mise en \u0153uvre des actions de transformation de nos clients.<\/p>\n\n\n\n<div class=\"wp-block-group is-layout-flow wp-block-group-is-layout-flow\">\n<p class=\"has-text-align-center has-background-color has-text-color has-background\" style=\"background-color:#193950\">Vous souhaitez en savoir plus sur nos offres ?<\/p>\n<\/div>\n\n\n\n<div class=\"wp-block-buttons is-content-justification-center is-layout-flex wp-container-core-buttons-is-layout-2 wp-block-buttons-is-layout-flex\">\n<div class=\"wp-block-button is-style-fill\"><a class=\"wp-block-button__link has-text-color has-background wp-element-button\" href=\"https:\/\/calendly.com\/habeascorpus\/rendez-vous-avec-marc-brunstein-habeas-corpus-1h?month=2022-10\" style=\"border-radius:10px;color:#193950;background-color:#ffcc00\" target=\"_blank\" rel=\"https:\/\/calendly.com\/ecoceatechnologies\/rendez-vous-avec-habeas-corpus-45?month=2022-07 noopener noreferrer\">Prenons rendez-vous<\/a><\/div>\n<\/div>\n","protected":false},"excerpt":{"rendered":"<p>La gouvernance Diagnostic, cr\u00e9ation, optimisation et animation de Boards*. Le cabinet utilise la m\u00e9thodologie BMMI, m\u00e9thodologie de diagnostic, cr\u00e9ation, optimisation de Boards, bas\u00e9e sur un mod\u00e8le de maturit\u00e9 en 5 niveaux. *Conseil d\u2019Administration, Conseil de Surveillance, Directoire, Advisory Board, Comit\u00e9 de Surveillance, Comit\u00e9 Strat\u00e9gique, Comit\u00e9 RSE\/ESG, Comit\u00e9 Scientifique, Comit\u00e9 Consultatif, Comit\u00e9 de mission, Comit\u00e9 des [&hellip;]<\/p>\n","protected":false},"author":1,"featured_media":0,"parent":0,"menu_order":0,"comment_status":"closed","ping_status":"closed","template":"templates\/template-full-width.php","meta":{"footnotes":""},"_links":{"self":[{"href":"https:\/\/hcorpus.com\/index.php\/wp-json\/wp\/v2\/pages\/16"}],"collection":[{"href":"https:\/\/hcorpus.com\/index.php\/wp-json\/wp\/v2\/pages"}],"about":[{"href":"https:\/\/hcorpus.com\/index.php\/wp-json\/wp\/v2\/types\/page"}],"author":[{"embeddable":true,"href":"https:\/\/hcorpus.com\/index.php\/wp-json\/wp\/v2\/users\/1"}],"replies":[{"embeddable":true,"href":"https:\/\/hcorpus.com\/index.php\/wp-json\/wp\/v2\/comments?post=16"}],"version-history":[{"count":74,"href":"https:\/\/hcorpus.com\/index.php\/wp-json\/wp\/v2\/pages\/16\/revisions"}],"predecessor-version":[{"id":1197,"href":"https:\/\/hcorpus.com\/index.php\/wp-json\/wp\/v2\/pages\/16\/revisions\/1197"}],"wp:attachment":[{"href":"https:\/\/hcorpus.com\/index.php\/wp-json\/wp\/v2\/media?parent=16"}],"curies":[{"name":"wp","href":"https:\/\/api.w.org\/{rel}","templated":true}]}}